{"id":619,"date":"2020-11-09T17:54:59","date_gmt":"2020-11-09T16:54:59","guid":{"rendered":"https:\/\/www.naturenterrehappy.com\/?page_id=619"},"modified":"2021-06-07T13:57:19","modified_gmt":"2021-06-07T11:57:19","slug":"mentions-legales","status":"publish","type":"page","link":"https:\/\/www.naturenterrehappy.com\/index.php\/mentions-legales\/","title":{"rendered":"Mentions legales"},"content":{"rendered":"<p>[et_pb_section fb_built=\u00a0\u00bb1&Prime; _builder_version=\u00a0\u00bb4.9.4&Prime; _module_preset=\u00a0\u00bbdefault\u00a0\u00bb background_color=\u00a0\u00bb#9cb292&Prime; min_height=\u00a0\u00bb813px\u00a0\u00bb custom_margin=\u00a0\u00bb||||false|false\u00a0\u00bb custom_padding=\u00a0\u00bb20px||20px||false|false\u00a0\u00bb top_divider_height=\u00a0\u00bb94px\u00a0\u00bb][et_pb_row use_custom_gutter=\u00a0\u00bbon\u00a0\u00bb gutter_width=\u00a0\u00bb1&Prime; make_equal=\u00a0\u00bbon\u00a0\u00bb _builder_version=\u00a0\u00bb4.9.4&Prime; _module_preset=\u00a0\u00bbdefault\u00a0\u00bb background_color=\u00a0\u00bbrgba(247,247,247,0.65)\u00a0\u00bb width=\u00a0\u00bb98%\u00a0\u00bb max_width=\u00a0\u00bb2560px\u00a0\u00bb min_height=\u00a0\u00bb100%\u00a0\u00bb custom_margin=\u00a0\u00bb20px|auto|0px|auto|false|false\u00a0\u00bb custom_padding=\u00a0\u00bb20px||20px||false|false\u00a0\u00bb box_shadow_style=\u00a0\u00bbpreset2&Prime; box_shadow_color=\u00a0\u00bb#000000&Prime;][et_pb_column type=\u00a0\u00bb4_4&Prime; _builder_version=\u00a0\u00bb4.6.6&Prime; _module_preset=\u00a0\u00bbdefault\u00a0\u00bb][et_pb_text _builder_version=\u00a0\u00bb4.9.4&Prime; text_font=\u00a0\u00bb||||||||\u00a0\u00bb text_font_size=\u00a0\u00bb16px\u00a0\u00bb text_line_height=\u00a0\u00bb2em\u00a0\u00bb header_font=\u00a0\u00bb||||||||\u00a0\u00bb header_2_font=\u00a0\u00bbRaleway|700|||||||\u00a0\u00bb header_2_font_size=\u00a0\u00bb50px\u00a0\u00bb header_2_line_height=\u00a0\u00bb1.2em\u00a0\u00bb header_6_font=\u00a0\u00bbRaleway|700||on|||||\u00a0\u00bb header_6_font_size=\u00a0\u00bb16px\u00a0\u00bb header_6_letter_spacing=\u00a0\u00bb5px\u00a0\u00bb header_6_line_height=\u00a0\u00bb1.8em\u00a0\u00bb module_alignment=\u00a0\u00bbcenter\u00a0\u00bb custom_padding=\u00a0\u00bb|||20px|false|false\u00a0\u00bb hover_enabled=\u00a0\u00bb0&Prime; header_2_font_size_tablet=\u00a0\u00bb35px\u00a0\u00bb header_2_font_size_phone=\u00a0\u00bb25px\u00a0\u00bb header_2_font_size_last_edited=\u00a0\u00bbon|phone\u00a0\u00bb sticky_enabled=\u00a0\u00bb0&Prime;]<\/p>\n<h6>Mentions l\u00e9gales<\/h6>\n<h3>\u00c9diteur du site<\/h3>\n<p><strong>D\u00e9nomination :<\/strong><span> Natur&rsquo;n Terre Happy<\/span><br \/><strong>Adresse :<\/strong><span> 20 chemin des Emmoni\u00e8res\u00a0 85300 Sallertaine<\/span><br \/><strong>SIRET :<\/strong><span> 510 388 952 00036<\/span><br \/>N\u00b0 TVA Intracommunautaire : FR43 510388952<br \/><strong>Activit\u00e9 (Code NAF ou APE) :<\/strong><span> NAF 00036 &#8211; APE 9604z<\/span><br \/><strong>Forme juridique :<\/strong><span> E.I<\/span><\/p>\n<h3>H\u00e9bergeur<\/h3>\n<p><strong>D\u00e9nomination :<\/strong><span>\u00a0<\/span>OVH<br \/><strong>Adresse :<\/strong><span>\u00a0<\/span>2 RUE KELLERMANN 59100 ROUBAIX<br \/><strong>SIRET (siege) :<\/strong><span>\u00a0<\/span>42476141900045<br \/><strong>Activit\u00e9 (Code NAF ou APE) :<\/strong><span>\u00a0<\/span>Traitement de donn\u00e9es, h\u00e9bergement et activit\u00e9s connexes (6311Z)<br \/><strong>Forme juridique :<\/strong><span>\u00a0<\/span>SAS<\/p>\n<p>[\/et_pb_text][\/et_pb_column][\/et_pb_row][\/et_pb_section]<\/p>\n","protected":false},"excerpt":{"rendered":"<p>Mentions l\u00e9gales \u00c9diteur du site D\u00e9nomination : Natur&rsquo;n Terre HappyAdresse : 20 chemin des Emmoni\u00e8res\u00a0 85300 SallertaineSIRET : 510 388 952 00036N\u00b0 TVA Intracommunautaire : FR43 510388952Activit\u00e9 (Code NAF ou APE) : NAF 00036 &#8211; APE 9604zForme juridique : E.I H\u00e9bergeur D\u00e9nomination :\u00a0OVHAdresse :\u00a02 RUE KELLERMANN 59100 ROUBAIXSIRET (siege) :\u00a042476141900045Activit\u00e9 (Code NAF ou APE) :\u00a0Traitement [&hellip;]<\/p>\n","protected":false},"author":1,"featured_media":0,"parent":0,"menu_order":0,"comment_status":"closed","ping_status":"closed","template":"","meta":{"_et_pb_use_builder":"on","_et_pb_old_content":"","_et_gb_content_width":"","footnotes":""},"class_list":["post-619","page","type-page","status-publish","hentry"],"yoast_head":"<!-- This site is optimized with the Yoast SEO plugin v27.1.1 - https:\/\/yoast.com\/product\/yoast-seo-wordpress\/ -->\n<title>Mentions legales - Nature en Terre Happy<\/title>\n<meta name=\"robots\" content=\"index, follow, max-snippet:-1, max-image-preview:large, max-video-preview:-1\" \/>\n<link rel=\"canonical\" href=\"https:\/\/www.naturenterrehappy.com\/index.php\/mentions-legales\/\" \/>\n<meta property=\"og:locale\" content=\"fr_FR\" \/>\n<meta property=\"og:type\" content=\"article\" \/>\n<meta property=\"og:title\" content=\"Mentions legales - Nature en Terre Happy\" \/>\n<meta property=\"og:description\" content=\"Mentions l\u00e9gales \u00c9diteur du site D\u00e9nomination : Natur&#039;n Terre HappyAdresse : 20 chemin des Emmoni\u00e8res\u00a0 85300 SallertaineSIRET : 510 388 952 00036N\u00b0 TVA Intracommunautaire : FR43 510388952Activit\u00e9 (Code NAF ou APE) : NAF 00036 - APE 9604zForme juridique : E.I H\u00e9bergeur D\u00e9nomination :\u00a0OVHAdresse :\u00a02 RUE KELLERMANN 59100 ROUBAIXSIRET (siege) :\u00a042476141900045Activit\u00e9 (Code NAF ou APE) :\u00a0Traitement [&hellip;]\" \/>\n<meta property=\"og:url\" content=\"https:\/\/www.naturenterrehappy.com\/index.php\/mentions-legales\/\" \/>\n<meta property=\"og:site_name\" content=\"Nature en Terre Happy\" \/>\n<meta property=\"article:publisher\" content=\"https:\/\/www.facebook.com\/naturenterrehappy\/\" \/>\n<meta property=\"article:modified_time\" content=\"2021-06-07T11:57:19+00:00\" \/>\n<meta name=\"twitter:card\" content=\"summary_large_image\" \/>\n<meta name=\"twitter:label1\" content=\"Dur\u00e9e de lecture estim\u00e9e\" \/>\n\t<meta name=\"twitter:data1\" content=\"1 minute\" \/>\n<script type=\"application\/ld+json\" class=\"yoast-schema-graph\">{\"@context\":\"https:\/\/schema.org\",\"@graph\":[{\"@type\":\"WebPage\",\"@id\":\"https:\/\/www.naturenterrehappy.com\/index.php\/mentions-legales\/\",\"url\":\"https:\/\/www.naturenterrehappy.com\/index.php\/mentions-legales\/\",\"name\":\"Mentions legales - Nature en Terre Happy\",\"isPartOf\":{\"@id\":\"https:\/\/www.naturenterrehappy.com\/#website\"},\"datePublished\":\"2020-11-09T16:54:59+00:00\",\"dateModified\":\"2021-06-07T11:57:19+00:00\",\"breadcrumb\":{\"@id\":\"https:\/\/www.naturenterrehappy.com\/index.php\/mentions-legales\/#breadcrumb\"},\"inLanguage\":\"fr-FR\",\"potentialAction\":[{\"@type\":\"ReadAction\",\"target\":[\"https:\/\/www.naturenterrehappy.com\/index.php\/mentions-legales\/\"]}]},{\"@type\":\"BreadcrumbList\",\"@id\":\"https:\/\/www.naturenterrehappy.com\/index.php\/mentions-legales\/#breadcrumb\",\"itemListElement\":[{\"@type\":\"ListItem\",\"position\":1,\"name\":\"Accueil\",\"item\":\"https:\/\/www.naturenterrehappy.com\/\"},{\"@type\":\"ListItem\",\"position\":2,\"name\":\"Mentions legales\"}]},{\"@type\":\"WebSite\",\"@id\":\"https:\/\/www.naturenterrehappy.com\/#website\",\"url\":\"https:\/\/www.naturenterrehappy.com\/\",\"name\":\"Nature en Terre Happy\",\"description\":\"\",\"publisher\":{\"@id\":\"https:\/\/www.naturenterrehappy.com\/#organization\"},\"potentialAction\":[{\"@type\":\"SearchAction\",\"target\":{\"@type\":\"EntryPoint\",\"urlTemplate\":\"https:\/\/www.naturenterrehappy.com\/?s={search_term_string}\"},\"query-input\":{\"@type\":\"PropertyValueSpecification\",\"valueRequired\":true,\"valueName\":\"search_term_string\"}}],\"inLanguage\":\"fr-FR\"},{\"@type\":\"Organization\",\"@id\":\"https:\/\/www.naturenterrehappy.com\/#organization\",\"name\":\"Natur'enterrehappy\",\"url\":\"https:\/\/www.naturenterrehappy.com\/\",\"logo\":{\"@type\":\"ImageObject\",\"inLanguage\":\"fr-FR\",\"@id\":\"https:\/\/www.naturenterrehappy.com\/#\/schema\/logo\/image\/\",\"url\":\"https:\/\/www.naturenterrehappy.com\/wp-content\/uploads\/2021\/12\/LOGO-HD-TERRE-HAPPY-avec-ombre-noire-512.png\",\"contentUrl\":\"https:\/\/www.naturenterrehappy.com\/wp-content\/uploads\/2021\/12\/LOGO-HD-TERRE-HAPPY-avec-ombre-noire-512.png\",\"width\":517,\"height\":464,\"caption\":\"Natur'enterrehappy\"},\"image\":{\"@id\":\"https:\/\/www.naturenterrehappy.com\/#\/schema\/logo\/image\/\"},\"sameAs\":[\"https:\/\/www.facebook.com\/naturenterrehappy\/\"]}]}<\/script>\n<!-- \/ Yoast SEO plugin. -->","yoast_head_json":{"title":"Mentions legales - Nature en Terre Happy","robots":{"index":"index","follow":"follow","max-snippet":"max-snippet:-1","max-image-preview":"max-image-preview:large","max-video-preview":"max-video-preview:-1"},"canonical":"https:\/\/www.naturenterrehappy.com\/index.php\/mentions-legales\/","og_locale":"fr_FR","og_type":"article","og_title":"Mentions legales - Nature en Terre Happy","og_description":"Mentions l\u00e9gales \u00c9diteur du site D\u00e9nomination : Natur'n Terre HappyAdresse : 20 chemin des Emmoni\u00e8res\u00a0 85300 SallertaineSIRET : 510 388 952 00036N\u00b0 TVA Intracommunautaire : FR43 510388952Activit\u00e9 (Code NAF ou APE) : NAF 00036 - APE 9604zForme juridique : E.I H\u00e9bergeur D\u00e9nomination :\u00a0OVHAdresse :\u00a02 RUE KELLERMANN 59100 ROUBAIXSIRET (siege) :\u00a042476141900045Activit\u00e9 (Code NAF ou APE) :\u00a0Traitement [&hellip;]","og_url":"https:\/\/www.naturenterrehappy.com\/index.php\/mentions-legales\/","og_site_name":"Nature en Terre Happy","article_publisher":"https:\/\/www.facebook.com\/naturenterrehappy\/","article_modified_time":"2021-06-07T11:57:19+00:00","twitter_card":"summary_large_image","twitter_misc":{"Dur\u00e9e de lecture estim\u00e9e":"1 minute"},"schema":{"@context":"https:\/\/schema.org","@graph":[{"@type":"WebPage","@id":"https:\/\/www.naturenterrehappy.com\/index.php\/mentions-legales\/","url":"https:\/\/www.naturenterrehappy.com\/index.php\/mentions-legales\/","name":"Mentions legales - Nature en Terre Happy","isPartOf":{"@id":"https:\/\/www.naturenterrehappy.com\/#website"},"datePublished":"2020-11-09T16:54:59+00:00","dateModified":"2021-06-07T11:57:19+00:00","breadcrumb":{"@id":"https:\/\/www.naturenterrehappy.com\/index.php\/mentions-legales\/#breadcrumb"},"inLanguage":"fr-FR","potentialAction":[{"@type":"ReadAction","target":["https:\/\/www.naturenterrehappy.com\/index.php\/mentions-legales\/"]}]},{"@type":"BreadcrumbList","@id":"https:\/\/www.naturenterrehappy.com\/index.php\/mentions-legales\/#breadcrumb","itemListElement":[{"@type":"ListItem","position":1,"name":"Accueil","item":"https:\/\/www.naturenterrehappy.com\/"},{"@type":"ListItem","position":2,"name":"Mentions legales"}]},{"@type":"WebSite","@id":"https:\/\/www.naturenterrehappy.com\/#website","url":"https:\/\/www.naturenterrehappy.com\/","name":"Nature en Terre Happy","description":"","publisher":{"@id":"https:\/\/www.naturenterrehappy.com\/#organization"},"potentialAction":[{"@type":"SearchAction","target":{"@type":"EntryPoint","urlTemplate":"https:\/\/www.naturenterrehappy.com\/?s={search_term_string}"},"query-input":{"@type":"PropertyValueSpecification","valueRequired":true,"valueName":"search_term_string"}}],"inLanguage":"fr-FR"},{"@type":"Organization","@id":"https:\/\/www.naturenterrehappy.com\/#organization","name":"Natur'enterrehappy","url":"https:\/\/www.naturenterrehappy.com\/","logo":{"@type":"ImageObject","inLanguage":"fr-FR","@id":"https:\/\/www.naturenterrehappy.com\/#\/schema\/logo\/image\/","url":"https:\/\/www.naturenterrehappy.com\/wp-content\/uploads\/2021\/12\/LOGO-HD-TERRE-HAPPY-avec-ombre-noire-512.png","contentUrl":"https:\/\/www.naturenterrehappy.com\/wp-content\/uploads\/2021\/12\/LOGO-HD-TERRE-HAPPY-avec-ombre-noire-512.png","width":517,"height":464,"caption":"Natur'enterrehappy"},"image":{"@id":"https:\/\/www.naturenterrehappy.com\/#\/schema\/logo\/image\/"},"sameAs":["https:\/\/www.facebook.com\/naturenterrehappy\/"]}]}},"_links":{"self":[{"href":"https:\/\/www.naturenterrehappy.com\/index.php\/wp-json\/wp\/v2\/pages\/619","targetHints":{"allow":["GET"]}}],"collection":[{"href":"https:\/\/www.naturenterrehappy.com\/index.php\/wp-json\/wp\/v2\/pages"}],"about":[{"href":"https:\/\/www.naturenterrehappy.com\/index.php\/wp-json\/wp\/v2\/types\/page"}],"author":[{"embeddable":true,"href":"https:\/\/www.naturenterrehappy.com\/index.php\/wp-json\/wp\/v2\/users\/1"}],"replies":[{"embeddable":true,"href":"https:\/\/www.naturenterrehappy.com\/index.php\/wp-json\/wp\/v2\/comments?post=619"}],"version-history":[{"count":8,"href":"https:\/\/www.naturenterrehappy.com\/index.php\/wp-json\/wp\/v2\/pages\/619\/revisions"}],"predecessor-version":[{"id":1661,"href":"https:\/\/www.naturenterrehappy.com\/index.php\/wp-json\/wp\/v2\/pages\/619\/revisions\/1661"}],"wp:attachment":[{"href":"https:\/\/www.naturenterrehappy.com\/index.php\/wp-json\/wp\/v2\/media?parent=619"}],"curies":[{"name":"wp","href":"https:\/\/api.w.org\/{rel}","templated":true}]}}