{"id":548,"date":"2020-11-09T15:50:48","date_gmt":"2020-11-09T14:50:48","guid":{"rendered":"https:\/\/www.naturenterrehappy.com\/?page_id=548"},"modified":"2020-12-19T13:44:47","modified_gmt":"2020-12-19T12:44:47","slug":"weekend-romantique","status":"publish","type":"page","link":"https:\/\/www.naturenterrehappy.com\/index.php\/bien-etre-services\/weekend-romantique\/","title":{"rendered":"Weekend romantique"},"content":{"rendered":"<p>[et_pb_section fb_built=\u00a0\u00bb1&Prime; _builder_version=\u00a0\u00bb4.7.4&Prime; _module_preset=\u00a0\u00bbdefault\u00a0\u00bb background_color=\u00a0\u00bb#9cb292&Prime; background_image=\u00a0\u00bbhttps:\/\/www.naturenterrehappy.com\/wp-content\/uploads\/2020\/12\/candles-1920.jpg\u00a0\u00bb custom_margin=\u00a0\u00bb||||false|false\u00a0\u00bb custom_padding=\u00a0\u00bb20px||||false|false\u00a0\u00bb top_divider_height=\u00a0\u00bb94px\u00a0\u00bb][et_pb_row column_structure=\u00a0\u00bb1_5,3_5,1_5&Prime; use_custom_gutter=\u00a0\u00bbon\u00a0\u00bb gutter_width=\u00a0\u00bb1&Prime; make_equal=\u00a0\u00bbon\u00a0\u00bb _builder_version=\u00a0\u00bb4.7.4&Prime; _module_preset=\u00a0\u00bbdefault\u00a0\u00bb background_color=\u00a0\u00bbrgba(247,247,247,0)\u00a0\u00bb width=\u00a0\u00bb98%\u00a0\u00bb max_width=\u00a0\u00bb2560px\u00a0\u00bb custom_margin=\u00a0\u00bb20px||||false|false\u00a0\u00bb custom_padding=\u00a0\u00bb50px||50px||false|false\u00a0\u00bb][et_pb_column type=\u00a0\u00bb1_5&Prime; _builder_version=\u00a0\u00bb4.6.6&Prime; _module_preset=\u00a0\u00bbdefault\u00a0\u00bb][\/et_pb_column][et_pb_column type=\u00a0\u00bb3_5&Prime; _builder_version=\u00a0\u00bb4.6.6&Prime; _module_preset=\u00a0\u00bbdefault\u00a0\u00bb][et_pb_cta title=\u00a0\u00bbWeekend romantique\u00a0\u00bb button_url=\u00a0\u00bbhttps:\/\/www.naturenterrehappy.com\/index.php\/contact\/\u00a0\u00bb button_text=\u00a0\u00bbCONTACTEZ MAGALI\u00a0\u00bb _builder_version=\u00a0\u00bb4.7.4&Prime; _module_preset=\u00a0\u00bbdefault\u00a0\u00bb header_font=\u00a0\u00bb|600|||||||\u00a0\u00bb header_text_color=\u00a0\u00bb#5a0c1c\u00a0\u00bb header_font_size=\u00a0\u00bb46px\u00a0\u00bb body_text_color=\u00a0\u00bb#242424&Prime; background_color=\u00a0\u00bbrgba(255,255,255,0.48)\u00a0\u00bb custom_button=\u00a0\u00bbon\u00a0\u00bb button_text_size=\u00a0\u00bb19px\u00a0\u00bb button_text_color=\u00a0\u00bb#ffffff\u00a0\u00bb button_bg_color=\u00a0\u00bb#5a0c1c\u00a0\u00bb button_border_width=\u00a0\u00bb0px\u00a0\u00bb button_border_color=\u00a0\u00bb#44580e\u00a0\u00bb button_font=\u00a0\u00bbArial||||||||\u00a0\u00bb text_orientation=\u00a0\u00bbleft\u00a0\u00bb background_layout=\u00a0\u00bblight\u00a0\u00bb width=\u00a0\u00bb98.8%\u00a0\u00bb custom_padding=\u00a0\u00bb40px||||false|false\u00a0\u00bb hover_enabled=\u00a0\u00bb0&Prime; header_font_size_tablet=\u00a0\u00bb\u00a0\u00bb header_font_size_phone=\u00a0\u00bb24px\u00a0\u00bb header_font_size_last_edited=\u00a0\u00bbon|phone\u00a0\u00bb border_width_all=\u00a0\u00bb3px\u00a0\u00bb border_color_all=\u00a0\u00bb#5a0c1c\u00a0\u00bb box_shadow_style=\u00a0\u00bbpreset2&Prime; box_shadow_color=\u00a0\u00bb#000000&Prime; sticky_enabled=\u00a0\u00bb0&Prime;]<\/p>\n<p>D\u00e9sir d\u2019un week-end romantique\u00a0?<\/p>\n<p>Vous souhaitez pr\u00e9parer une surprise, une demande en mariage, un anniversaire\u00a0? contactez Magali \u00e0 l\u2019avance et sur r\u00e9servation, elle se fera un plaisir de vous accompagner dans l\u2019organisation de votre surprise\u2026\u00a0;<\/p>\n<ul>\n<li>D\u00e9coration sp\u00e9ciale,<\/li>\n<li>Bougies,<\/li>\n<li>Bouteille de champagne,<\/li>\n<li>Panier d\u00e9gustation,<\/li>\n<li>RDV massage<\/li>\n<li>Coiffure\u2026<\/li>\n<\/ul>\n<p>Alors n\u2019h\u00e9sitez pas, contactez Magali \u00e0 l\u2019avance et sur r\u00e9servation, elle se fera un plaisir de vous accompagner dans l\u2019organisation de votre surprise\u2026\u00a0;<\/p>\n<p>[\/et_pb_cta][\/et_pb_column][et_pb_column type=\u00a0\u00bb1_5&Prime; _builder_version=\u00a0\u00bb4.6.6&Prime; _module_preset=\u00a0\u00bbdefault\u00a0\u00bb][\/et_pb_column][\/et_pb_row][\/et_pb_section]<\/p>\n","protected":false},"excerpt":{"rendered":"<p>D\u00e9sir d\u2019un week-end romantique\u00a0? Vous souhaitez pr\u00e9parer une surprise, une demande en mariage, un anniversaire\u00a0? contactez Magali \u00e0 l\u2019avance et sur r\u00e9servation, elle se fera un plaisir de vous accompagner dans l\u2019organisation de votre surprise\u2026\u00a0; D\u00e9coration sp\u00e9ciale, Bougies, Bouteille de champagne, Panier d\u00e9gustation, RDV massage Coiffure\u2026 Alors n\u2019h\u00e9sitez pas, contactez Magali \u00e0 l\u2019avance et sur [&hellip;]<\/p>\n","protected":false},"author":1,"featured_media":0,"parent":168,"menu_order":0,"comment_status":"closed","ping_status":"closed","template":"","meta":{"_et_pb_use_builder":"on","_et_pb_old_content":"","_et_gb_content_width":"","footnotes":""},"class_list":["post-548","page","type-page","status-publish","hentry"],"yoast_head":"<!-- This site is optimized with the Yoast SEO plugin v27.1.1 - https:\/\/yoast.com\/product\/yoast-seo-wordpress\/ -->\n<title>Weekend romantique - Nature en Terre Happy<\/title>\n<meta name=\"robots\" content=\"index, follow, max-snippet:-1, max-image-preview:large, max-video-preview:-1\" \/>\n<link rel=\"canonical\" href=\"https:\/\/www.naturenterrehappy.com\/index.php\/bien-etre-services\/weekend-romantique\/\" \/>\n<meta property=\"og:locale\" content=\"fr_FR\" \/>\n<meta property=\"og:type\" content=\"article\" \/>\n<meta property=\"og:title\" content=\"Weekend romantique - Nature en Terre Happy\" \/>\n<meta property=\"og:description\" content=\"D\u00e9sir d\u2019un week-end romantique\u00a0? Vous souhaitez pr\u00e9parer une surprise, une demande en mariage, un anniversaire\u00a0? contactez Magali \u00e0 l\u2019avance et sur r\u00e9servation, elle se fera un plaisir de vous accompagner dans l\u2019organisation de votre surprise\u2026\u00a0; D\u00e9coration sp\u00e9ciale, Bougies, Bouteille de champagne, Panier d\u00e9gustation, RDV massage Coiffure\u2026 Alors n\u2019h\u00e9sitez pas, contactez Magali \u00e0 l\u2019avance et sur [&hellip;]\" \/>\n<meta property=\"og:url\" content=\"https:\/\/www.naturenterrehappy.com\/index.php\/bien-etre-services\/weekend-romantique\/\" \/>\n<meta property=\"og:site_name\" content=\"Nature en Terre Happy\" \/>\n<meta property=\"article:publisher\" content=\"https:\/\/www.facebook.com\/naturenterrehappy\/\" \/>\n<meta property=\"article:modified_time\" content=\"2020-12-19T12:44:47+00:00\" \/>\n<meta name=\"twitter:card\" content=\"summary_large_image\" \/>\n<meta name=\"twitter:label1\" content=\"Dur\u00e9e de lecture estim\u00e9e\" \/>\n\t<meta name=\"twitter:data1\" content=\"2 minutes\" \/>\n<script type=\"application\/ld+json\" class=\"yoast-schema-graph\">{\"@context\":\"https:\/\/schema.org\",\"@graph\":[{\"@type\":\"WebPage\",\"@id\":\"https:\/\/www.naturenterrehappy.com\/index.php\/bien-etre-services\/weekend-romantique\/\",\"url\":\"https:\/\/www.naturenterrehappy.com\/index.php\/bien-etre-services\/weekend-romantique\/\",\"name\":\"Weekend romantique - Nature en Terre Happy\",\"isPartOf\":{\"@id\":\"https:\/\/www.naturenterrehappy.com\/#website\"},\"datePublished\":\"2020-11-09T14:50:48+00:00\",\"dateModified\":\"2020-12-19T12:44:47+00:00\",\"breadcrumb\":{\"@id\":\"https:\/\/www.naturenterrehappy.com\/index.php\/bien-etre-services\/weekend-romantique\/#breadcrumb\"},\"inLanguage\":\"fr-FR\",\"potentialAction\":[{\"@type\":\"ReadAction\",\"target\":[\"https:\/\/www.naturenterrehappy.com\/index.php\/bien-etre-services\/weekend-romantique\/\"]}]},{\"@type\":\"BreadcrumbList\",\"@id\":\"https:\/\/www.naturenterrehappy.com\/index.php\/bien-etre-services\/weekend-romantique\/#breadcrumb\",\"itemListElement\":[{\"@type\":\"ListItem\",\"position\":1,\"name\":\"Accueil\",\"item\":\"https:\/\/www.naturenterrehappy.com\/\"},{\"@type\":\"ListItem\",\"position\":2,\"name\":\"Bien \u00eatre &#038; Services\",\"item\":\"https:\/\/www.naturenterrehappy.com\/?page_id=168\"},{\"@type\":\"ListItem\",\"position\":3,\"name\":\"Weekend romantique\"}]},{\"@type\":\"WebSite\",\"@id\":\"https:\/\/www.naturenterrehappy.com\/#website\",\"url\":\"https:\/\/www.naturenterrehappy.com\/\",\"name\":\"Nature en Terre Happy\",\"description\":\"\",\"publisher\":{\"@id\":\"https:\/\/www.naturenterrehappy.com\/#organization\"},\"potentialAction\":[{\"@type\":\"SearchAction\",\"target\":{\"@type\":\"EntryPoint\",\"urlTemplate\":\"https:\/\/www.naturenterrehappy.com\/?s={search_term_string}\"},\"query-input\":{\"@type\":\"PropertyValueSpecification\",\"valueRequired\":true,\"valueName\":\"search_term_string\"}}],\"inLanguage\":\"fr-FR\"},{\"@type\":\"Organization\",\"@id\":\"https:\/\/www.naturenterrehappy.com\/#organization\",\"name\":\"Natur'enterrehappy\",\"url\":\"https:\/\/www.naturenterrehappy.com\/\",\"logo\":{\"@type\":\"ImageObject\",\"inLanguage\":\"fr-FR\",\"@id\":\"https:\/\/www.naturenterrehappy.com\/#\/schema\/logo\/image\/\",\"url\":\"https:\/\/www.naturenterrehappy.com\/wp-content\/uploads\/2021\/12\/LOGO-HD-TERRE-HAPPY-avec-ombre-noire-512.png\",\"contentUrl\":\"https:\/\/www.naturenterrehappy.com\/wp-content\/uploads\/2021\/12\/LOGO-HD-TERRE-HAPPY-avec-ombre-noire-512.png\",\"width\":517,\"height\":464,\"caption\":\"Natur'enterrehappy\"},\"image\":{\"@id\":\"https:\/\/www.naturenterrehappy.com\/#\/schema\/logo\/image\/\"},\"sameAs\":[\"https:\/\/www.facebook.com\/naturenterrehappy\/\"]}]}<\/script>\n<!-- \/ Yoast SEO plugin. -->","yoast_head_json":{"title":"Weekend romantique - Nature en Terre Happy","robots":{"index":"index","follow":"follow","max-snippet":"max-snippet:-1","max-image-preview":"max-image-preview:large","max-video-preview":"max-video-preview:-1"},"canonical":"https:\/\/www.naturenterrehappy.com\/index.php\/bien-etre-services\/weekend-romantique\/","og_locale":"fr_FR","og_type":"article","og_title":"Weekend romantique - Nature en Terre Happy","og_description":"D\u00e9sir d\u2019un week-end romantique\u00a0? Vous souhaitez pr\u00e9parer une surprise, une demande en mariage, un anniversaire\u00a0? contactez Magali \u00e0 l\u2019avance et sur r\u00e9servation, elle se fera un plaisir de vous accompagner dans l\u2019organisation de votre surprise\u2026\u00a0; D\u00e9coration sp\u00e9ciale, Bougies, Bouteille de champagne, Panier d\u00e9gustation, RDV massage Coiffure\u2026 Alors n\u2019h\u00e9sitez pas, contactez Magali \u00e0 l\u2019avance et sur [&hellip;]","og_url":"https:\/\/www.naturenterrehappy.com\/index.php\/bien-etre-services\/weekend-romantique\/","og_site_name":"Nature en Terre Happy","article_publisher":"https:\/\/www.facebook.com\/naturenterrehappy\/","article_modified_time":"2020-12-19T12:44:47+00:00","twitter_card":"summary_large_image","twitter_misc":{"Dur\u00e9e de lecture estim\u00e9e":"2 minutes"},"schema":{"@context":"https:\/\/schema.org","@graph":[{"@type":"WebPage","@id":"https:\/\/www.naturenterrehappy.com\/index.php\/bien-etre-services\/weekend-romantique\/","url":"https:\/\/www.naturenterrehappy.com\/index.php\/bien-etre-services\/weekend-romantique\/","name":"Weekend romantique - Nature en Terre Happy","isPartOf":{"@id":"https:\/\/www.naturenterrehappy.com\/#website"},"datePublished":"2020-11-09T14:50:48+00:00","dateModified":"2020-12-19T12:44:47+00:00","breadcrumb":{"@id":"https:\/\/www.naturenterrehappy.com\/index.php\/bien-etre-services\/weekend-romantique\/#breadcrumb"},"inLanguage":"fr-FR","potentialAction":[{"@type":"ReadAction","target":["https:\/\/www.naturenterrehappy.com\/index.php\/bien-etre-services\/weekend-romantique\/"]}]},{"@type":"BreadcrumbList","@id":"https:\/\/www.naturenterrehappy.com\/index.php\/bien-etre-services\/weekend-romantique\/#breadcrumb","itemListElement":[{"@type":"ListItem","position":1,"name":"Accueil","item":"https:\/\/www.naturenterrehappy.com\/"},{"@type":"ListItem","position":2,"name":"Bien \u00eatre &#038; Services","item":"https:\/\/www.naturenterrehappy.com\/?page_id=168"},{"@type":"ListItem","position":3,"name":"Weekend romantique"}]},{"@type":"WebSite","@id":"https:\/\/www.naturenterrehappy.com\/#website","url":"https:\/\/www.naturenterrehappy.com\/","name":"Nature en Terre Happy","description":"","publisher":{"@id":"https:\/\/www.naturenterrehappy.com\/#organization"},"potentialAction":[{"@type":"SearchAction","target":{"@type":"EntryPoint","urlTemplate":"https:\/\/www.naturenterrehappy.com\/?s={search_term_string}"},"query-input":{"@type":"PropertyValueSpecification","valueRequired":true,"valueName":"search_term_string"}}],"inLanguage":"fr-FR"},{"@type":"Organization","@id":"https:\/\/www.naturenterrehappy.com\/#organization","name":"Natur'enterrehappy","url":"https:\/\/www.naturenterrehappy.com\/","logo":{"@type":"ImageObject","inLanguage":"fr-FR","@id":"https:\/\/www.naturenterrehappy.com\/#\/schema\/logo\/image\/","url":"https:\/\/www.naturenterrehappy.com\/wp-content\/uploads\/2021\/12\/LOGO-HD-TERRE-HAPPY-avec-ombre-noire-512.png","contentUrl":"https:\/\/www.naturenterrehappy.com\/wp-content\/uploads\/2021\/12\/LOGO-HD-TERRE-HAPPY-avec-ombre-noire-512.png","width":517,"height":464,"caption":"Natur'enterrehappy"},"image":{"@id":"https:\/\/www.naturenterrehappy.com\/#\/schema\/logo\/image\/"},"sameAs":["https:\/\/www.facebook.com\/naturenterrehappy\/"]}]}},"_links":{"self":[{"href":"https:\/\/www.naturenterrehappy.com\/index.php\/wp-json\/wp\/v2\/pages\/548","targetHints":{"allow":["GET"]}}],"collection":[{"href":"https:\/\/www.naturenterrehappy.com\/index.php\/wp-json\/wp\/v2\/pages"}],"about":[{"href":"https:\/\/www.naturenterrehappy.com\/index.php\/wp-json\/wp\/v2\/types\/page"}],"author":[{"embeddable":true,"href":"https:\/\/www.naturenterrehappy.com\/index.php\/wp-json\/wp\/v2\/users\/1"}],"replies":[{"embeddable":true,"href":"https:\/\/www.naturenterrehappy.com\/index.php\/wp-json\/wp\/v2\/comments?post=548"}],"version-history":[{"count":8,"href":"https:\/\/www.naturenterrehappy.com\/index.php\/wp-json\/wp\/v2\/pages\/548\/revisions"}],"predecessor-version":[{"id":1400,"href":"https:\/\/www.naturenterrehappy.com\/index.php\/wp-json\/wp\/v2\/pages\/548\/revisions\/1400"}],"up":[{"embeddable":true,"href":"https:\/\/www.naturenterrehappy.com\/index.php\/wp-json\/wp\/v2\/pages\/168"}],"wp:attachment":[{"href":"https:\/\/www.naturenterrehappy.com\/index.php\/wp-json\/wp\/v2\/media?parent=548"}],"curies":[{"name":"wp","href":"https:\/\/api.w.org\/{rel}","templated":true}]}}