{"id":479,"date":"2020-10-24T19:20:50","date_gmt":"2020-10-24T17:20:50","guid":{"rendered":"https:\/\/www.naturenterrehappy.com\/?page_id=479"},"modified":"2025-07-31T13:04:29","modified_gmt":"2025-07-31T11:04:29","slug":"coiffure","status":"publish","type":"page","link":"https:\/\/www.naturenterrehappy.com\/index.php\/bien-etre-services\/coiffure\/","title":{"rendered":"Coiffure"},"content":{"rendered":"<p>[et_pb_section fb_built=\u00a0\u00bb1&Prime; _builder_version=\u00a0\u00bb4.16&Prime; _module_preset=\u00a0\u00bbdefault\u00a0\u00bb background_color=\u00a0\u00bb#9cb292&Prime; background_image=\u00a0\u00bbhttps:\/\/www.naturenterrehappy.com\/wp-content\/uploads\/2020\/12\/Coiffure-fond-decran.jpg\u00a0\u00bb parallax=\u00a0\u00bbon\u00a0\u00bb parallax_method=\u00a0\u00bboff\u00a0\u00bb custom_margin=\u00a0\u00bb0px||0px||false|false\u00a0\u00bb custom_padding=\u00a0\u00bb144px||92px||false|false\u00a0\u00bb top_divider_height=\u00a0\u00bb94px\u00a0\u00bb global_colors_info=\u00a0\u00bb{}\u00a0\u00bb][et_pb_row column_structure=\u00a0\u00bb1_2,1_2&Prime; use_custom_gutter=\u00a0\u00bbon\u00a0\u00bb gutter_width=\u00a0\u00bb1&Prime; make_equal=\u00a0\u00bbon\u00a0\u00bb _builder_version=\u00a0\u00bb4.16&Prime; _module_preset=\u00a0\u00bbdefault\u00a0\u00bb background_color=\u00a0\u00bbrgba(247,247,247,0)\u00a0\u00bb width=\u00a0\u00bb98%\u00a0\u00bb max_width=\u00a0\u00bb2560px\u00a0\u00bb custom_margin=\u00a0\u00bb||0px||false|false\u00a0\u00bb custom_padding=\u00a0\u00bb0px||0px||false|false\u00a0\u00bb global_colors_info=\u00a0\u00bb{}\u00a0\u00bb][et_pb_column type=\u00a0\u00bb1_2&Prime; _builder_version=\u00a0\u00bb4.16&Prime; _module_preset=\u00a0\u00bbdefault\u00a0\u00bb global_colors_info=\u00a0\u00bb{}\u00a0\u00bb][et_pb_cta title=\u00a0\u00bbsalon de coiffure\u00a0\u00bb button_url=\u00a0\u00bbhttps:\/\/www.naturenterrehappy.com\/index.php\/contact\/\u00a0\u00bb button_text=\u00a0\u00bbCONTACTEZ MAGALI\u00a0\u00bb _builder_version=\u00a0\u00bb4.27.3&Prime; _module_preset=\u00a0\u00bbdefault\u00a0\u00bb header_font=\u00a0\u00bb|600|||||||\u00a0\u00bb header_font_size=\u00a0\u00bb46px\u00a0\u00bb background_color=\u00a0\u00bbrgba(255,255,255,0.6)\u00a0\u00bb custom_button=\u00a0\u00bbon\u00a0\u00bb button_text_size=\u00a0\u00bb19px\u00a0\u00bb button_text_color=\u00a0\u00bb#ffffff\u00a0\u00bb button_bg_color=\u00a0\u00bbrgba(132,106,46,0.66)\u00a0\u00bb button_border_width=\u00a0\u00bb0px\u00a0\u00bb button_border_color=\u00a0\u00bb#44580e\u00a0\u00bb button_font=\u00a0\u00bbArial||||||||\u00a0\u00bb text_orientation=\u00a0\u00bbleft\u00a0\u00bb background_layout=\u00a0\u00bblight\u00a0\u00bb width=\u00a0\u00bb98.8%\u00a0\u00bb custom_margin=\u00a0\u00bb20px||||false|false\u00a0\u00bb custom_padding=\u00a0\u00bb30px||||false|false\u00a0\u00bb header_font_size_tablet=\u00a0\u00bb\u00a0\u00bb header_font_size_phone=\u00a0\u00bb30px\u00a0\u00bb header_font_size_last_edited=\u00a0\u00bbon|phone\u00a0\u00bb border_width_all=\u00a0\u00bb3px\u00a0\u00bb box_shadow_style=\u00a0\u00bbpreset2&Prime; global_colors_info=\u00a0\u00bb{}\u00a0\u00bb]<\/p>\n<p>&nbsp;<\/p>\n<p>Durant votre s\u00e9jour, ou juste une envie de vous faire chouchouter m\u00eame si vous ne s\u00e9journez pas au domaine:<\/p>\n<p>\u00a0Pour votre mariage, un diner en amoureux, ou une f\u00eate de famille ? Profitez des vingt ann\u00e9es d\u2019exp\u00e9rience Magali, commencez par un divin massage relaxant du cuir chevelu, et r\u00e9v\u00e9lez votre beaut\u00e9 avec une coiffure de c\u00e9r\u00e9monie, un chignon simple, un coupe ou un brushing.<\/p>\n<p><strong>Tarifs coiffures \u00e9v\u00e8nementielles :<\/strong><\/p>\n<p>FEMME :<strong><\/strong><\/p>\n<p>la coiffure mari\u00e9e comprenant un essai 160\u20ac<\/p>\n<p>coiffures 55\u20ac (60min)<\/p>\n<p>coiffures rapides point d&rsquo;attache 30\u20ac (30 min)<\/p>\n<p>boucles 45\u20ac<\/p>\n<p>sh + brushing long 35\u20ac<\/p>\n<p>sh + brushing court 25\u20ac<\/p>\n<p>sh + coupe + brushing court 35\u20ac ( mi-long 40\u20ac, long 47\u20ac)<\/p>\n<p>&nbsp;<\/p>\n<p>&nbsp;<\/p>\n<p>HOMME :<\/p>\n<p>forfait sh coupe coiffage : 20\u20ac<\/p>\n<p>&#8211; 12-20 ans 16\u20ac<\/p>\n<p>&#8211; moins de12 ans : 12\u20ac<\/p>\n<p>&nbsp;<\/p>\n<p>&nbsp;<\/p>\n<p>&nbsp;<\/p>\n<p>&nbsp;<\/p>\n<p>&nbsp;<\/p>\n<p>&nbsp;<\/p>\n<p>[\/et_pb_cta][\/et_pb_column][et_pb_column type=\u00a0\u00bb1_2&Prime; _builder_version=\u00a0\u00bb4.16&Prime; _module_preset=\u00a0\u00bbdefault\u00a0\u00bb global_colors_info=\u00a0\u00bb{}\u00a0\u00bb][et_pb_gallery gallery_ids=\u00a0\u00bb3371,3372,3376,3383,3386,3373,1333,1213,3382,3389,3375,1334,1208,1225,3378,3369,3381,1336,1335,1337,3385,3380,3379,3377,3364,3374,3368,3367,3365,3391,3390&Prime; posts_number=\u00a0\u00bb2&Prime; show_title_and_caption=\u00a0\u00bboff\u00a0\u00bb zoom_icon_color=\u00a0\u00bb#ffffff\u00a0\u00bb hover_overlay_color=\u00a0\u00bbrgba(0,0,0,0.5)\u00a0\u00bb _builder_version=\u00a0\u00bb4.27.3&Prime; _module_preset=\u00a0\u00bbdefault\u00a0\u00bb pagination_text_color=\u00a0\u00bb#000000&Prime; pagination_font_size=\u00a0\u00bb18px\u00a0\u00bb custom_padding=\u00a0\u00bb||0px||false|false\u00a0\u00bb border_radii=\u00a0\u00bbon|20px|20px|20px|20px\u00a0\u00bb border_width_all_image=\u00a0\u00bb15px\u00a0\u00bb border_color_all_image=\u00a0\u00bbrgba(0,0,0,0)\u00a0\u00bb box_shadow_style_image=\u00a0\u00bbpreset2&Prime; global_colors_info=\u00a0\u00bb{}\u00a0\u00bb][\/et_pb_gallery][\/et_pb_column][\/et_pb_row][\/et_pb_section]<\/p>\n","protected":false},"excerpt":{"rendered":"<p>&nbsp; Durant votre s\u00e9jour, ou juste une envie de vous faire chouchouter m\u00eame si vous ne s\u00e9journez pas au domaine: \u00a0Pour votre mariage, un diner en amoureux, ou une f\u00eate de famille ? Profitez des vingt ann\u00e9es d\u2019exp\u00e9rience Magali, commencez par un divin massage relaxant du cuir chevelu, et r\u00e9v\u00e9lez votre beaut\u00e9 avec une coiffure [&hellip;]<\/p>\n","protected":false},"author":1,"featured_media":0,"parent":168,"menu_order":2,"comment_status":"closed","ping_status":"closed","template":"","meta":{"_et_pb_use_builder":"on","_et_pb_old_content":"","_et_gb_content_width":"","footnotes":""},"class_list":["post-479","page","type-page","status-publish","hentry"],"yoast_head":"<!-- This site is optimized with the Yoast SEO plugin v27.4 - https:\/\/yoast.com\/product\/yoast-seo-wordpress\/ -->\n<title>Coiffure - Nature en Terre Happy<\/title>\n<meta name=\"robots\" content=\"index, follow, max-snippet:-1, max-image-preview:large, max-video-preview:-1\" \/>\n<link rel=\"canonical\" href=\"https:\/\/www.naturenterrehappy.com\/index.php\/bien-etre-services\/coiffure\/\" \/>\n<meta property=\"og:locale\" content=\"fr_FR\" \/>\n<meta property=\"og:type\" content=\"article\" \/>\n<meta property=\"og:title\" content=\"Coiffure - Nature en Terre Happy\" \/>\n<meta property=\"og:description\" content=\"&nbsp; Durant votre s\u00e9jour, ou juste une envie de vous faire chouchouter m\u00eame si vous ne s\u00e9journez pas au domaine: \u00a0Pour votre mariage, un diner en amoureux, ou une f\u00eate de famille ? Profitez des vingt ann\u00e9es d\u2019exp\u00e9rience Magali, commencez par un divin massage relaxant du cuir chevelu, et r\u00e9v\u00e9lez votre beaut\u00e9 avec une coiffure [&hellip;]\" \/>\n<meta property=\"og:url\" content=\"https:\/\/www.naturenterrehappy.com\/index.php\/bien-etre-services\/coiffure\/\" \/>\n<meta property=\"og:site_name\" content=\"Nature en Terre Happy\" \/>\n<meta property=\"article:publisher\" content=\"https:\/\/www.facebook.com\/naturenterrehappy\/\" \/>\n<meta property=\"article:modified_time\" content=\"2025-07-31T11:04:29+00:00\" \/>\n<meta name=\"twitter:card\" content=\"summary_large_image\" \/>\n<meta name=\"twitter:label1\" content=\"Dur\u00e9e de lecture estim\u00e9e\" \/>\n\t<meta name=\"twitter:data1\" content=\"1 minute\" \/>\n<script type=\"application\/ld+json\" class=\"yoast-schema-graph\">{\"@context\":\"https:\\\/\\\/schema.org\",\"@graph\":[{\"@type\":\"WebPage\",\"@id\":\"https:\\\/\\\/www.naturenterrehappy.com\\\/index.php\\\/bien-etre-services\\\/coiffure\\\/\",\"url\":\"https:\\\/\\\/www.naturenterrehappy.com\\\/index.php\\\/bien-etre-services\\\/coiffure\\\/\",\"name\":\"Coiffure - Nature en Terre Happy\",\"isPartOf\":{\"@id\":\"https:\\\/\\\/www.naturenterrehappy.com\\\/#website\"},\"datePublished\":\"2020-10-24T17:20:50+00:00\",\"dateModified\":\"2025-07-31T11:04:29+00:00\",\"breadcrumb\":{\"@id\":\"https:\\\/\\\/www.naturenterrehappy.com\\\/index.php\\\/bien-etre-services\\\/coiffure\\\/#breadcrumb\"},\"inLanguage\":\"fr-FR\",\"potentialAction\":[{\"@type\":\"ReadAction\",\"target\":[\"https:\\\/\\\/www.naturenterrehappy.com\\\/index.php\\\/bien-etre-services\\\/coiffure\\\/\"]}]},{\"@type\":\"BreadcrumbList\",\"@id\":\"https:\\\/\\\/www.naturenterrehappy.com\\\/index.php\\\/bien-etre-services\\\/coiffure\\\/#breadcrumb\",\"itemListElement\":[{\"@type\":\"ListItem\",\"position\":1,\"name\":\"Accueil\",\"item\":\"https:\\\/\\\/www.naturenterrehappy.com\\\/\"},{\"@type\":\"ListItem\",\"position\":2,\"name\":\"Bien \u00eatre &#038; Services\",\"item\":\"https:\\\/\\\/www.naturenterrehappy.com\\\/?page_id=168\"},{\"@type\":\"ListItem\",\"position\":3,\"name\":\"Coiffure\"}]},{\"@type\":\"WebSite\",\"@id\":\"https:\\\/\\\/www.naturenterrehappy.com\\\/#website\",\"url\":\"https:\\\/\\\/www.naturenterrehappy.com\\\/\",\"name\":\"Nature en Terre Happy\",\"description\":\"\",\"publisher\":{\"@id\":\"https:\\\/\\\/www.naturenterrehappy.com\\\/#organization\"},\"potentialAction\":[{\"@type\":\"SearchAction\",\"target\":{\"@type\":\"EntryPoint\",\"urlTemplate\":\"https:\\\/\\\/www.naturenterrehappy.com\\\/?s={search_term_string}\"},\"query-input\":{\"@type\":\"PropertyValueSpecification\",\"valueRequired\":true,\"valueName\":\"search_term_string\"}}],\"inLanguage\":\"fr-FR\"},{\"@type\":\"Organization\",\"@id\":\"https:\\\/\\\/www.naturenterrehappy.com\\\/#organization\",\"name\":\"Natur'enterrehappy\",\"url\":\"https:\\\/\\\/www.naturenterrehappy.com\\\/\",\"logo\":{\"@type\":\"ImageObject\",\"inLanguage\":\"fr-FR\",\"@id\":\"https:\\\/\\\/www.naturenterrehappy.com\\\/#\\\/schema\\\/logo\\\/image\\\/\",\"url\":\"https:\\\/\\\/www.naturenterrehappy.com\\\/wp-content\\\/uploads\\\/2021\\\/12\\\/LOGO-HD-TERRE-HAPPY-avec-ombre-noire-512.png\",\"contentUrl\":\"https:\\\/\\\/www.naturenterrehappy.com\\\/wp-content\\\/uploads\\\/2021\\\/12\\\/LOGO-HD-TERRE-HAPPY-avec-ombre-noire-512.png\",\"width\":517,\"height\":464,\"caption\":\"Natur'enterrehappy\"},\"image\":{\"@id\":\"https:\\\/\\\/www.naturenterrehappy.com\\\/#\\\/schema\\\/logo\\\/image\\\/\"},\"sameAs\":[\"https:\\\/\\\/www.facebook.com\\\/naturenterrehappy\\\/\"]}]}<\/script>\n<!-- \/ Yoast SEO plugin. -->","yoast_head_json":{"title":"Coiffure - Nature en Terre Happy","robots":{"index":"index","follow":"follow","max-snippet":"max-snippet:-1","max-image-preview":"max-image-preview:large","max-video-preview":"max-video-preview:-1"},"canonical":"https:\/\/www.naturenterrehappy.com\/index.php\/bien-etre-services\/coiffure\/","og_locale":"fr_FR","og_type":"article","og_title":"Coiffure - Nature en Terre Happy","og_description":"&nbsp; Durant votre s\u00e9jour, ou juste une envie de vous faire chouchouter m\u00eame si vous ne s\u00e9journez pas au domaine: \u00a0Pour votre mariage, un diner en amoureux, ou une f\u00eate de famille ? Profitez des vingt ann\u00e9es d\u2019exp\u00e9rience Magali, commencez par un divin massage relaxant du cuir chevelu, et r\u00e9v\u00e9lez votre beaut\u00e9 avec une coiffure [&hellip;]","og_url":"https:\/\/www.naturenterrehappy.com\/index.php\/bien-etre-services\/coiffure\/","og_site_name":"Nature en Terre Happy","article_publisher":"https:\/\/www.facebook.com\/naturenterrehappy\/","article_modified_time":"2025-07-31T11:04:29+00:00","twitter_card":"summary_large_image","twitter_misc":{"Dur\u00e9e de lecture estim\u00e9e":"1 minute"},"schema":{"@context":"https:\/\/schema.org","@graph":[{"@type":"WebPage","@id":"https:\/\/www.naturenterrehappy.com\/index.php\/bien-etre-services\/coiffure\/","url":"https:\/\/www.naturenterrehappy.com\/index.php\/bien-etre-services\/coiffure\/","name":"Coiffure - Nature en Terre Happy","isPartOf":{"@id":"https:\/\/www.naturenterrehappy.com\/#website"},"datePublished":"2020-10-24T17:20:50+00:00","dateModified":"2025-07-31T11:04:29+00:00","breadcrumb":{"@id":"https:\/\/www.naturenterrehappy.com\/index.php\/bien-etre-services\/coiffure\/#breadcrumb"},"inLanguage":"fr-FR","potentialAction":[{"@type":"ReadAction","target":["https:\/\/www.naturenterrehappy.com\/index.php\/bien-etre-services\/coiffure\/"]}]},{"@type":"BreadcrumbList","@id":"https:\/\/www.naturenterrehappy.com\/index.php\/bien-etre-services\/coiffure\/#breadcrumb","itemListElement":[{"@type":"ListItem","position":1,"name":"Accueil","item":"https:\/\/www.naturenterrehappy.com\/"},{"@type":"ListItem","position":2,"name":"Bien \u00eatre &#038; Services","item":"https:\/\/www.naturenterrehappy.com\/?page_id=168"},{"@type":"ListItem","position":3,"name":"Coiffure"}]},{"@type":"WebSite","@id":"https:\/\/www.naturenterrehappy.com\/#website","url":"https:\/\/www.naturenterrehappy.com\/","name":"Nature en Terre Happy","description":"","publisher":{"@id":"https:\/\/www.naturenterrehappy.com\/#organization"},"potentialAction":[{"@type":"SearchAction","target":{"@type":"EntryPoint","urlTemplate":"https:\/\/www.naturenterrehappy.com\/?s={search_term_string}"},"query-input":{"@type":"PropertyValueSpecification","valueRequired":true,"valueName":"search_term_string"}}],"inLanguage":"fr-FR"},{"@type":"Organization","@id":"https:\/\/www.naturenterrehappy.com\/#organization","name":"Natur'enterrehappy","url":"https:\/\/www.naturenterrehappy.com\/","logo":{"@type":"ImageObject","inLanguage":"fr-FR","@id":"https:\/\/www.naturenterrehappy.com\/#\/schema\/logo\/image\/","url":"https:\/\/www.naturenterrehappy.com\/wp-content\/uploads\/2021\/12\/LOGO-HD-TERRE-HAPPY-avec-ombre-noire-512.png","contentUrl":"https:\/\/www.naturenterrehappy.com\/wp-content\/uploads\/2021\/12\/LOGO-HD-TERRE-HAPPY-avec-ombre-noire-512.png","width":517,"height":464,"caption":"Natur'enterrehappy"},"image":{"@id":"https:\/\/www.naturenterrehappy.com\/#\/schema\/logo\/image\/"},"sameAs":["https:\/\/www.facebook.com\/naturenterrehappy\/"]}]}},"_links":{"self":[{"href":"https:\/\/www.naturenterrehappy.com\/index.php\/wp-json\/wp\/v2\/pages\/479","targetHints":{"allow":["GET"]}}],"collection":[{"href":"https:\/\/www.naturenterrehappy.com\/index.php\/wp-json\/wp\/v2\/pages"}],"about":[{"href":"https:\/\/www.naturenterrehappy.com\/index.php\/wp-json\/wp\/v2\/types\/page"}],"author":[{"embeddable":true,"href":"https:\/\/www.naturenterrehappy.com\/index.php\/wp-json\/wp\/v2\/users\/1"}],"replies":[{"embeddable":true,"href":"https:\/\/www.naturenterrehappy.com\/index.php\/wp-json\/wp\/v2\/comments?post=479"}],"version-history":[{"count":28,"href":"https:\/\/www.naturenterrehappy.com\/index.php\/wp-json\/wp\/v2\/pages\/479\/revisions"}],"predecessor-version":[{"id":3609,"href":"https:\/\/www.naturenterrehappy.com\/index.php\/wp-json\/wp\/v2\/pages\/479\/revisions\/3609"}],"up":[{"embeddable":true,"href":"https:\/\/www.naturenterrehappy.com\/index.php\/wp-json\/wp\/v2\/pages\/168"}],"wp:attachment":[{"href":"https:\/\/www.naturenterrehappy.com\/index.php\/wp-json\/wp\/v2\/media?parent=479"}],"curies":[{"name":"wp","href":"https:\/\/api.w.org\/{rel}","templated":true}]}}